{"id":1158,"date":"2020-09-22T14:01:42","date_gmt":"2020-09-22T12:01:42","guid":{"rendered":"https:\/\/e-dziennik.men.gov.pl\/?page_id=1158"},"modified":"2024-07-01T14:49:24","modified_gmt":"2024-07-01T12:49:24","slug":"deklaracja-dostepnosci-serwisu","status":"publish","type":"page","link":"https:\/\/e-dziennik.nauka.gov.pl\/archiwum\/deklaracja-dostepnosci-serwisu\/","title":{"rendered":"Deklaracja dost\u0119pno\u015bci"},"content":{"rendered":"<h2 id=\"\u201da11y-deklaracja\u201d\">Deklaracja dost\u0119pno\u015bci serwisu<\/h2>\n<p id=\"\u201da11y-wstep\u201d\"><span id=\"\u201da11y-podmiot\u201d\">Ministerstwo Nauki<\/span> i Szkolnictwa Wy\u017cszego zobowi\u0105zuje si\u0119 zapewni\u0107 dost\u0119pno\u015b\u0107 strony internetowej e-dziennik.nauka.gov.pl zgodnie z ustaw\u0105 z dnia 4 kwietnia 2019 r. o dost\u0119pno\u015bci cyfrowej stron internetowych i aplikacji mobilnych podmiot\u00f3w publicznych. O\u015bwiadczenie w sprawie dost\u0119pno\u015bci ma zastosowanie do <a id=\"\u201da11y-url\u201d\" href=\"https:\/\/e-dziennik.nauka.gov.pl\/\">serwisu internetowego e-dziennik.nauka.gov.pl<\/a>.<\/p>\n<p>Data publikacji strony internetowej:\u00a0<span id=\"\u201da11y-data-publikacja\u201d\">2024.01.01<\/span><\/p>\n<p>Strona internetowa jest <span id=\"\u201da11y-status\u201d\">w cz\u0119\u015bci zgodna<\/span> z ustaw\u0105 o dost\u0119pno\u015bci cyfrowej stron internetowych i aplikacji mobilnych podmiot\u00f3w publicznych.<\/p>\n<p>O\u015bwiadczenie sporz\u0105dzono dnia <span id=\"\u201da11y-data-sporzadzenie\u201d\">2024.01.01<\/span>. Deklaracj\u0119 sporz\u0105dzono na podstawie samooceny przeprowadzonej przez podmiot publiczny.<\/p>\n<h3 id=\"\u201ea11y-kontakt\u201d\">Informacje zwrotne i dane kontaktowe<\/h3>\n<p>W przypadku problem\u00f3w z dost\u0119pno\u015bci\u0105 strony internetowej prosimy o kontakt. Osob\u0105 odpowiedzialn\u0105 jest Piotr Zieli\u0144ski, adres poczty elektronicznej <a id=\"\u201da11y-email\u201d\" href=\"mailto:pomoc@mnisw.gov.pl\" class=\"external\">pomoc@mnisw.gov.pl.<\/a> Kontaktowa\u0107 mo\u017cna si\u0119 tak\u017ce dzwoni\u0105c na numer telefonu 22 50 17 165. T\u0105 sam\u0105 drog\u0105 mo\u017cna sk\u0142ada\u0107 wnioski o udost\u0119pnienie informacji niedost\u0119pnej oraz sk\u0142ada\u0107 skargi na brak zapewnienia dost\u0119pno\u015bci.<\/p>\n<div id=\"\u201da11y-procedura\u201d\">\n<p>Ka\u017cdy ma prawo do wyst\u0105pienia z \u017c\u0105daniem zapewnienia dost\u0119pno\u015bci cyfrowej strony internetowej, aplikacji mobilnej lub jakiego\u015b ich elementu. Mo\u017cna tak\u017ce za\u017c\u0105da\u0107 udost\u0119pnienia informacji w formach alternatywnych, na przyk\u0142ad odczytanie niedost\u0119pnego cyfrowo dokumentu, opisania zawarto\u015bci filmu bez audiodeskrypcji itp. \u017b\u0105danie powinno zawiera\u0107 dane osoby zg\u0142aszaj\u0105cej \u017c\u0105danie, wskazanie, o kt\u00f3r\u0105 stron\u0119 internetow\u0105 lub aplikacj\u0119 mobiln\u0105 chodzi oraz spos\u00f3b kontaktu. Je\u017celi osoba \u017c\u0105daj\u0105ca zg\u0142asza potrzeb\u0119 otrzymania informacji w formie alternatywnej, powinna tak\u017ce okre\u015bli\u0107 form\u0119 tej informacji.<\/p>\n<p>Podmiot publiczny powinien zrealizowa\u0107 \u017c\u0105danie niezw\u0142ocznie i nie p\u00f3\u017aniej, ni\u017c w ci\u0105gu 7 dni. Je\u017celi dotrzymanie tego terminu nie jest mo\u017cliwe, podmiot publiczny niezw\u0142ocznie informuje o tym, kiedy realizacja \u017c\u0105dania b\u0119dzie mo\u017cliwa, przy czym termin ten nie mo\u017ce by\u0107 d\u0142u\u017cszy ni\u017c 2 miesi\u0105ce. Je\u017celi zapewnienie dost\u0119pno\u015bci nie jest mo\u017cliwe, podmiot publiczny mo\u017ce zaproponowa\u0107 alternatywny spos\u00f3b dost\u0119pu do informacji.<\/p>\n<p>W przypadku, gdy podmiot odm\u00f3wi realizacji \u017c\u0105dania zapewnienia dost\u0119pno\u015bci lub alternatywnego dost\u0119pu do informacji, mo\u017cna z\u0142o\u017cy\u0107 skarg\u0119 na takie dzia\u0142anie.<\/p>\n<p>Po wyczerpaniu wszystkich mo\u017cliwo\u015bci skarg\u0119 mo\u017cna przes\u0142a\u0107 tak\u017ce do\u00a0<a href=\"https:\/\/www.rpo.gov.pl\/content\/jak-zglosic-sie-do-rzecznika-praw-obywatelskich\" class=\"external\">Rzecznika Praw Obywatelskich<\/a>.<\/p>\n<\/div>\n<h4>Dane teleadresowe siedziby Ministerstwa Nauki i Szkolnictwa Wy\u017cszego<\/h4>\n<p>tel. 22 52 92 718<\/p>\n<p>fax. 22 52 92 792<\/p>\n<p>e-mail: <a href=\"mailto:kancelaria@mnisw.gov.pl\" class=\"external\">kancelaria@mnisw.gov.pl<\/a><\/p>\n<p>ul. Wsp\u00f3lna 1\/3<\/p>\n<p>00-529 Warszawa<\/p>\n<h3>INFORMACJA O DOST\u0118PNO\u015aCI CYFROWEJ<\/h3>\n<p>Strona internetowa jest cz\u0119\u015bciowo zgodna z ustaw\u0105 z dnia 4 kwietnia 2019 r. o dost\u0119pno\u015bci cyfrowej stron internetowych i aplikacji mobilnych podmiot\u00f3w publicznych z powodu niezgodno\u015bci lub wy\u0142\u0105cze\u0144 wymienionych poni\u017cej:<\/p>\n<ul>\n<li>Brak formularza kontaktowego.<\/li>\n<li>Grafiki nie posiadaj\u0105 opisu alternatywnego.<\/li>\n<li>Nie wszystkie elementy strony s\u0105 dost\u0119pne z poziomu nawigacji. Fokus nie jest wystarczaj\u0105co widoczny.<\/li>\n<li>Etykiety sortowania posiadaj\u0105 opisy w j\u0119zyku angielskim.<\/li>\n<li>Brak kontrastu strony.<\/li>\n<\/ul>\n<h3 id=\"\u201da11y-architektura\u201d\">INFORMACJA O DOST\u0118PNO\u015aCI ARCHITEKTONICZNEJ<\/h3>\n<h4>Dost\u0119pno\u015b\u0107 architektoniczna &#8211; Wsp\u00f3lna 1\/3<\/h4>\n<p>Do budynku prowadz\u0105 3 wej\u015bcia. G\u0142\u00f3wne wej\u015bcie do budynku od ul. Ho\u017cej 20 i dwa wej\u015bcia do budynku od ul. Wsp\u00f3lnej. Dla go\u015bci przeznaczone jest wej\u015bcie g\u0142\u00f3wne.<\/p>\n<p>Recepcja znajduje si\u0119 w holu naprzeciw wej\u015bcia g\u0142\u00f3wnego do budynku. W celu umo\u017cliwienia osobie nies\u0142ysz\u0105cej wyposa\u017conej w aparat s\u0142uchowy odbi\u00f3r d\u017awi\u0119ku poprzez cewk\u0119 (T), recepcja zosta\u0142a wyposa\u017cona w p\u0119tl\u0119 indukcyjn\u0105. Po prawej stronie od wej\u015bcia g\u0142\u00f3wnego znajduje si\u0119 biuro podawcze, a po lewej szatnia. W holu znajduj\u0105 si\u0119 tablice informacyjne, oznaczone w spos\u00f3b kontrastowy, na wysoko\u015bci umo\u017cliwiaj\u0105cy korzystanie z tablic przez osoby na w\u00f3zku lub niskiego wzrostu. Dalsze przej\u015bcie do budynku zabezpieczone jest bramkami, przez kt\u00f3re mo\u017ce przejecha\u0107 osoba na w\u00f3zku.<\/p>\n<p>W budynku znajduj\u0105 si\u0119 4 windy, przystosowane dla os\u00f3b poruszaj\u0105cych si\u0119 na w\u00f3zkach i niewidomych \u2013 klawisze pi\u0119ter oznaczone pismem punktowym dla os\u00f3b niewidomych alfabetem Braille\u2019a. Dla os\u00f3b na w\u00f3zkach jest zapewniony dost\u0119p do wszystkich korytarzy i pomieszcze\u0144 na wszystkich kondygnacjach budynku, tj. na parterze i na pi\u0119trach I \u2013 V. Progi w przej\u015bciu z korytarza do pomieszcze\u0144 biurowych, wyr\u00f3wnane z poziomem pod\u0142ogi. W wyj\u0105tkowych przypadkach wysoko\u015b\u0107 progu jest zgodna z obowi\u0105zuj\u0105cymi przepisami i nie przekracza 2 cm. Progi wyr\u00f3\u017cnione kolorystycznie.<\/p>\n<p>W budynku znajduj\u0105 si\u0119 dwa ci\u0105gi komunikacyjne pionowe (schody) po prawej i lewej stronie budynku. Stopnie (pierwszy i ostatni) schod\u00f3w oznaczone pasami ostrzegawczymi koloru \u017c\u00f3\u0142tego. Por\u0119cze schod\u00f3w oznaczone pismem punktowym dla os\u00f3b niewidomych alfabetem Braille\u2019a, informuj\u0105cym osoby niewidome, poruszaj\u0105ce si\u0119 w nieznanym otoczeniu, dok\u0105d prowadz\u0105 schody. Por\u0119cz \u015brodkowa o biegu ci\u0105g\u0142ym \u2013 pe\u0142ni rol\u0119 drogi ewakuacyjnej dla os\u00f3b niewidomych. Por\u0119cz zewn\u0119trzna o biegu nie ci\u0105g\u0142ym \u2013 pe\u0142ni rol\u0119 drogi komunikacyjnej dla os\u00f3b niewidomych.<\/p>\n<p>Toaleta dla os\u00f3b z niepe\u0142nosprawno\u015bci\u0105 znajduje si\u0119 na parterze w skrzydle po prawej stronie budynku (strona wschodnia budynku).<\/p>\n<p>Przy wje\u017adzie na parking przed szlabanem, po lewej stronie, znajduje si\u0119 megafon z przyciskiem wzywaj\u0105cym dla os\u00f3b z niepe\u0142nosprawno\u015bci\u0105.<\/p>\n<p>Przed budynkiem wyznaczono i oznakowano 1 miejsce parkingowe dla os\u00f3b na w\u00f3zku. Miejsce parkingowe jest zintegrowane z ci\u0105giem komunikacyjny (chodnik). Chodnik przy wej\u015bciu g\u0142\u00f3wnym do budynku jest obni\u017cony do poziomu gruntu i przystosowany dla os\u00f3b na w\u00f3zku. Kraw\u0119\u017cnik chodnika wyr\u00f3\u017cniony kolorystycznie.<\/p>\n<p>Do budynku i wszystkich jego pomieszcze\u0144 mo\u017cna wej\u015b\u0107 z psem asystuj\u0105cym i psem przewodnikiem.<\/p>\n<p>W budynku znajduj\u0105 oznaczenia w druku powi\u0119kszonym dla os\u00f3b s\u0142abowidz\u0105cych (droga do wyj\u015bcia g\u0142\u00f3wnego z budynku \u2013 na parterze).<\/p>\n<p>W recepcji znajduje si\u0119 osoba, kt\u00f3ra udziela pomocy w poruszaniu si\u0119 po budynku.<\/p>\n<h3>Kontakt dla os\u00f3b do\u015bwiadczaj\u0105cych trwale lub okresowo trudno\u015bci w komunikowaniu si\u0119<\/h3>\n<p>Zgodnie z przepisami ustawy z dnia 19 sierpnia 2011 r. o j\u0119zyku migowym i innych \u015brodkach komunikowania si\u0119 Ministerstwo Nauki i Szkolnictwa Wy\u017cszego udost\u0119pnia osobom do\u015bwiadczaj\u0105cym trwale lub okresowo trudno\u015bci w komunikowaniu si\u0119 nast\u0119puj\u0105ce formy kontaktu z urz\u0119dem:<br \/>\nFax: (22) 52 92 792<br \/>\nE-mail: <a href=\"mailto:pomoc@mnisw.gov.pl\" class=\"external\">pomoc@mnisw.gov.pl<\/a><\/p>\n<p>Zapewniamy r\u00f3wnie\u017c dost\u0119p do us\u0142ug t\u0142umacza PJM, SJM i SKOGN. Uprzejmie prosimy o zg\u0142aszanie ch\u0119ci skorzystania z takiej us\u0142ugi, co najmniej na 3 dni robocze przed planowan\u0105 wizyt\u0105 w urz\u0119dzie.<\/p>\n<p>Ministerstwo Nauki i Szkolnictwa Wy\u017cszego udost\u0119pnia dokumenty niezb\u0119dne do za\u0142atwienia sprawy, w formie dost\u0119pnej dla os\u00f3b uprawnionych, na ich wniosek. Osoba uprawniona ma r\u00f3wnie\u017c prawo do skorzystania z pomocy osoby przybranej w kontaktach z ministerstwem.<\/p>\n","protected":false},"excerpt":{"rendered":"<p>Deklaracja dost\u0119pno\u015bci serwisu Ministerstwo Nauki i Szkolnictwa Wy\u017cszego zobowi\u0105zuje si\u0119 zapewni\u0107 dost\u0119pno\u015b\u0107 strony internetowej e-dziennik.nauka.gov.pl zgodnie z ustaw\u0105 z dnia 4 kwietnia 2019 r. o dost\u0119pno\u015bci cyfrowej stron internetowych i aplikacji mobilnych podmiot\u00f3w publicznych. O\u015bwiadczenie w sprawie dost\u0119pno\u015bci ma zastosowanie do serwisu internetowego e-dziennik.nauka.gov.pl. Data publikacji strony internetowej:\u00a02024.01.01 Strona internetowa jest w cz\u0119\u015bci zgodna z&hellip;<\/p>\n","protected":false},"author":11,"featured_media":0,"parent":0,"menu_order":0,"comment_status":"closed","ping_status":"closed","template":"","meta":{"footnotes":""},"class_list":["post-1158","page","type-page","status-publish","hentry"],"_links":{"self":[{"href":"https:\/\/e-dziennik.nauka.gov.pl\/archiwum\/wp-json\/wp\/v2\/pages\/1158","targetHints":{"allow":["GET"]}}],"collection":[{"href":"https:\/\/e-dziennik.nauka.gov.pl\/archiwum\/wp-json\/wp\/v2\/pages"}],"about":[{"href":"https:\/\/e-dziennik.nauka.gov.pl\/archiwum\/wp-json\/wp\/v2\/types\/page"}],"author":[{"embeddable":true,"href":"https:\/\/e-dziennik.nauka.gov.pl\/archiwum\/wp-json\/wp\/v2\/users\/11"}],"replies":[{"embeddable":true,"href":"https:\/\/e-dziennik.nauka.gov.pl\/archiwum\/wp-json\/wp\/v2\/comments?post=1158"}],"version-history":[{"count":18,"href":"https:\/\/e-dziennik.nauka.gov.pl\/archiwum\/wp-json\/wp\/v2\/pages\/1158\/revisions"}],"predecessor-version":[{"id":2848,"href":"https:\/\/e-dziennik.nauka.gov.pl\/archiwum\/wp-json\/wp\/v2\/pages\/1158\/revisions\/2848"}],"wp:attachment":[{"href":"https:\/\/e-dziennik.nauka.gov.pl\/archiwum\/wp-json\/wp\/v2\/media?parent=1158"}],"curies":[{"name":"wp","href":"https:\/\/api.w.org\/{rel}","templated":true}]}}