{"id":867,"date":"2018-11-15T12:26:25","date_gmt":"2018-11-15T11:26:25","guid":{"rendered":"https:\/\/e-dziennik.men.gov.pl\/?page_id=867"},"modified":"2020-10-27T13:13:00","modified_gmt":"2020-10-27T12:13:00","slug":"pomoc","status":"publish","type":"page","link":"https:\/\/e-dziennik.nauka.gov.pl\/archiwum\/pomoc\/","title":{"rendered":"Pomoc"},"content":{"rendered":"<p class=\"lead text-justify mt10 ng-scope\">Aplikacje pozwalaj\u0105ce na weryfikacj\u0119 podpisu elektronicznego, kt\u00f3rym zosta\u0142 podpisany dziennik elektroniczny w formacie PDF. W zale\u017cno\u015bci od rodzaju podpisu nale\u017cy pobra\u0107 odpowiednie oprogramowanie. Informacja o rodzaju z\u0142o\u017conego podpisu znajduje si\u0119 w opisach udost\u0119pnionych plik\u00f3w w zak\u0142adce Dzienniki.<\/p>\n<ul>\n<li><a href=\"http:\/\/sigillum.pl\/\" class=\"external\">PWPW<\/a><\/li>\n<li><a href=\"http:\/\/certum.pl\/\" class=\"external\">Certum<\/a><\/li>\n<li><a href=\"http:\/\/www.cencert.pl\/\" class=\"external\">Cencert<\/a><\/li>\n<\/ul>\n","protected":false},"excerpt":{"rendered":"<p>Aplikacje pozwalaj\u0105ce na weryfikacj\u0119 podpisu elektronicznego, kt\u00f3rym zosta\u0142 podpisany dziennik elektroniczny w formacie PDF. W zale\u017cno\u015bci od rodzaju podpisu nale\u017cy pobra\u0107 odpowiednie oprogramowanie. Informacja o rodzaju z\u0142o\u017conego podpisu znajduje si\u0119 w opisach udost\u0119pnionych plik\u00f3w w zak\u0142adce Dzienniki. PWPW Certum Cencert<\/p>\n","protected":false},"author":4,"featured_media":0,"parent":0,"menu_order":0,"comment_status":"closed","ping_status":"closed","template":"","meta":{"footnotes":""},"class_list":["post-867","page","type-page","status-publish","hentry"],"_links":{"self":[{"href":"https:\/\/e-dziennik.nauka.gov.pl\/archiwum\/wp-json\/wp\/v2\/pages\/867","targetHints":{"allow":["GET"]}}],"collection":[{"href":"https:\/\/e-dziennik.nauka.gov.pl\/archiwum\/wp-json\/wp\/v2\/pages"}],"about":[{"href":"https:\/\/e-dziennik.nauka.gov.pl\/archiwum\/wp-json\/wp\/v2\/types\/page"}],"author":[{"embeddable":true,"href":"https:\/\/e-dziennik.nauka.gov.pl\/archiwum\/wp-json\/wp\/v2\/users\/4"}],"replies":[{"embeddable":true,"href":"https:\/\/e-dziennik.nauka.gov.pl\/archiwum\/wp-json\/wp\/v2\/comments?post=867"}],"version-history":[{"count":2,"href":"https:\/\/e-dziennik.nauka.gov.pl\/archiwum\/wp-json\/wp\/v2\/pages\/867\/revisions"}],"predecessor-version":[{"id":1188,"href":"https:\/\/e-dziennik.nauka.gov.pl\/archiwum\/wp-json\/wp\/v2\/pages\/867\/revisions\/1188"}],"wp:attachment":[{"href":"https:\/\/e-dziennik.nauka.gov.pl\/archiwum\/wp-json\/wp\/v2\/media?parent=867"}],"curies":[{"name":"wp","href":"https:\/\/api.w.org\/{rel}","templated":true}]}}